{"id":515,"date":"2024-06-06T14:56:26","date_gmt":"2024-06-06T14:56:26","guid":{"rendered":"https:\/\/kaksitranslations.fi\/contact-us\/"},"modified":"2025-10-29T15:26:50","modified_gmt":"2025-10-29T15:26:50","slug":"contact-us","status":"publish","type":"page","link":"https:\/\/kaksitranslations.fi\/en\/contact-us\/","title":{"rendered":"Contact us"},"content":{"rendered":"<div class=\"et_pb_section_0 et_pb_section et_section_regular et_block_section\">\n<div class=\"et_pb_row_0 et_pb_row et_block_row\">\n<div class=\"et_pb_column_0 et_pb_column et_pb_column_4_4 et-last-child et_block_column et_pb_css_mix_blend_mode_passthrough\">\n<div class=\"et_pb_text_0 et_pb_text et_pb_bg_layout_light et_pb_module et_block_module preset--module--divi-text--b327cbe4-b1d5-4b66-ad37-40c8f2f061ba\"><div class=\"et_pb_text_inner\"><h2>Contact us<\/h2>\n<\/div><\/div>\n<\/div>\n<\/div>\n<\/div>\n\n<div class=\"et_pb_section_1 et_pb_section et_section_regular et_block_section\">\n<div class=\"et_pb_row_1 et_pb_row et_pb_equal_columns et_pb_gutters1 et_block_row\">\n<div class=\"et_pb_column_1 et_pb_column et_pb_column_2_5 et_block_column et_pb_column_empty et_pb_css_mix_blend_mode_passthrough\"><\/div>\n\n<div class=\"et_pb_column_2 et_pb_column et_pb_column_3_5 et-last-child et_block_column et_pb_css_mix_blend_mode_passthrough\">\n<div class=\"et_pb_text_1 et_pb_text et_pb_bg_layout_light et_pb_module et_block_module preset--module--divi-text--b327cbe4-b1d5-4b66-ad37-40c8f2f061ba\"><div class=\"et_pb_text_inner\"><h2>Send a message<\/h2>\n<\/div><\/div>\n\n<div class=\"et_pb_contact_form_0 et_pb_contact_form_container clearfix et_pb_module et_flex_module\" data-form_unique_num=\"0\" data-form_unique_id=\"ebca9bcf-f6c8-4de1-bb97-a4c4d5b997d7\" id=\"et_pb_contact_form_ebca9bcf-f6c8-4de1-bb97-a4c4d5b997d7\"><div class=\"et-pb-contact-message\"><\/div><div class=\"et_pb_contact\"><form class=\"et_pb_contact_form et_flex_module\" method=\"post\" action=\"https:\/\/kaksitranslations.fi\/en\/wp-json\/wp\/v2\/pages\/515\">\n<div class=\"et_pb_contact_field_0 et_pb_contact_field et_pb_module et_flex_module et_flex_column_24_24 et_flex_column_24_24_tablet et_flex_column_24_24_phone\" data-id=\"name\" data-type=\"input\"><label class=\"et_pb_contact_form_label\">Name<\/label><input type=\"text\" name=\"et_pb_contact_0_name_0\" id=\"et_pb_contact_0_name_0\" class=\"input\" data-required_mark=\"required\" data-field_type=\"input\" data-original_id=\"name\" placeholder=\"Name\" title=\"\" value=\"\" \/><\/div>\n\n<div class=\"et_pb_contact_field_1 et_pb_contact_field et_pb_module et_flex_module et_flex_column_24_24 et_flex_column_24_24_tablet et_flex_column_24_24_phone\" data-id=\"email\" data-type=\"email\"><label class=\"et_pb_contact_form_label\">E-mail address<\/label><input type=\"text\" name=\"et_pb_contact_0_email_1\" id=\"et_pb_contact_0_email_1\" class=\"input\" data-required_mark=\"required\" data-field_type=\"email\" data-original_id=\"email\" placeholder=\"E-mail address\" title=\"\" value=\"\" \/><\/div>\n\n<div class=\"et_pb_contact_field_2 et_pb_contact_field et_pb_module et_flex_module et_flex_column_24_24 et_flex_column_24_24_tablet et_flex_column_24_24_phone\" data-id=\"message\" data-type=\"input\"><label class=\"et_pb_contact_form_label\">Message<\/label><input type=\"text\" name=\"et_pb_contact_0_message_2\" id=\"et_pb_contact_0_message_2\" class=\"input\" data-required_mark=\"required\" data-field_type=\"input\" data-original_id=\"message\" placeholder=\"Message\" title=\"\" value=\"\" \/><\/div>\n<input type=\"hidden\" name=\"et_pb_contactform_submit_ebca9bcf-f6c8-4de1-bb97-a4c4d5b997d7\" value=\"et_contact_proccess\" \/><div class=\"et_contact_bottom_container\"><div class=\"et_pb_button_wrapper\"><button type=\"submit\" name=\"et_builder_submit_button\" class=\"et_pb_button et_pb_contact_submit\">Send<\/button><\/div><\/div><input type=\"hidden\" id=\"_wpnonce-et-pb-contact-form-submitted-ebca9bcf-f6c8-4de1-bb97-a4c4d5b997d7\" name=\"_wpnonce-et-pb-contact-form-submitted-ebca9bcf-f6c8-4de1-bb97-a4c4d5b997d7\" value=\"68ab4d28ed\" \/><input type=\"hidden\" name=\"_wp_http_referer\" value=\"\/en\/wp-json\/wp\/v2\/pages\/515\" \/><\/form><\/div><\/div>\n<\/div>\n<\/div>\n<\/div>","protected":false},"excerpt":{"rendered":"","protected":false},"author":1,"featured_media":0,"parent":0,"menu_order":0,"comment_status":"closed","ping_status":"closed","template":"","meta":{"footnotes":""},"class_list":["post-515","page","type-page","status-publish","hentry"],"yoast_head":"<!-- This site is optimized with the Yoast SEO plugin v26.9 - https:\/\/yoast.com\/product\/yoast-seo-wordpress\/ -->\n<title>Contact us - K&auml;&auml;nn&ouml;stoimisto Kaksi<\/title>\n<meta name=\"description\" content=\"K\u00e4\u00e4nn\u00e4mme kaikki yleisimm\u00e4t tekstitiedostot sek\u00e4 excelit ja Power Pointit. Meilt\u00e4 onnistuu my\u00f6s pdf-tiedostojen ja vaikkapa taittoohjelmien tiedostojen k\u00e4\u00e4nn\u00f6kset.\" \/>\n<meta name=\"robots\" content=\"index, follow, max-snippet:-1, max-image-preview:large, max-video-preview:-1\" \/>\n<link rel=\"canonical\" href=\"https:\/\/kaksitranslations.fi\/en\/contact-us\/\" \/>\n<meta property=\"og:locale\" content=\"en_US\" \/>\n<meta property=\"og:type\" content=\"article\" \/>\n<meta property=\"og:title\" content=\"Contact us - K&auml;&auml;nn&ouml;stoimisto Kaksi\" \/>\n<meta property=\"og:description\" content=\"K\u00e4\u00e4nn\u00e4mme kaikki yleisimm\u00e4t tekstitiedostot sek\u00e4 excelit ja Power Pointit. Meilt\u00e4 onnistuu my\u00f6s pdf-tiedostojen ja vaikkapa taittoohjelmien tiedostojen k\u00e4\u00e4nn\u00f6kset.\" \/>\n<meta property=\"og:url\" content=\"https:\/\/kaksitranslations.fi\/en\/contact-us\/\" \/>\n<meta property=\"og:site_name\" content=\"K&auml;&auml;nn&ouml;stoimisto Kaksi\" \/>\n<meta property=\"article:modified_time\" content=\"2025-10-29T15:26:50+00:00\" \/>\n<meta name=\"twitter:card\" content=\"summary_large_image\" \/>\n<script type=\"application\/ld+json\" class=\"yoast-schema-graph\">{\"@context\":\"https:\/\/schema.org\",\"@graph\":[{\"@type\":\"WebPage\",\"@id\":\"https:\/\/kaksitranslations.fi\/en\/contact-us\/\",\"url\":\"https:\/\/kaksitranslations.fi\/en\/contact-us\/\",\"name\":\"Contact us - K&auml;&auml;nn&ouml;stoimisto Kaksi\",\"isPartOf\":{\"@id\":\"https:\/\/kaksitranslations.fi\/#website\"},\"datePublished\":\"2024-06-06T14:56:26+00:00\",\"dateModified\":\"2025-10-29T15:26:50+00:00\",\"description\":\"K\u00e4\u00e4nn\u00e4mme kaikki yleisimm\u00e4t tekstitiedostot sek\u00e4 excelit ja Power Pointit. Meilt\u00e4 onnistuu my\u00f6s pdf-tiedostojen ja vaikkapa taittoohjelmien tiedostojen k\u00e4\u00e4nn\u00f6kset.\",\"breadcrumb\":{\"@id\":\"https:\/\/kaksitranslations.fi\/en\/contact-us\/#breadcrumb\"},\"inLanguage\":\"en-US\",\"potentialAction\":[{\"@type\":\"ReadAction\",\"target\":[\"https:\/\/kaksitranslations.fi\/en\/contact-us\/\"]}]},{\"@type\":\"BreadcrumbList\",\"@id\":\"https:\/\/kaksitranslations.fi\/en\/contact-us\/#breadcrumb\",\"itemListElement\":[{\"@type\":\"ListItem\",\"position\":1,\"name\":\"Etusivu\",\"item\":\"https:\/\/kaksitranslations.fi\/en\/\"},{\"@type\":\"ListItem\",\"position\":2,\"name\":\"Contact us\"}]},{\"@type\":\"WebSite\",\"@id\":\"https:\/\/kaksitranslations.fi\/#website\",\"url\":\"https:\/\/kaksitranslations.fi\/\",\"name\":\"K&auml;&auml;nn&ouml;stoimisto Kaksi\",\"description\":\"\",\"potentialAction\":[{\"@type\":\"SearchAction\",\"target\":{\"@type\":\"EntryPoint\",\"urlTemplate\":\"https:\/\/kaksitranslations.fi\/?s={search_term_string}\"},\"query-input\":{\"@type\":\"PropertyValueSpecification\",\"valueRequired\":true,\"valueName\":\"search_term_string\"}}],\"inLanguage\":\"en-US\"}]}<\/script>\n<!-- \/ Yoast SEO plugin. -->","yoast_head_json":{"title":"Contact us - K&auml;&auml;nn&ouml;stoimisto Kaksi","description":"K\u00e4\u00e4nn\u00e4mme kaikki yleisimm\u00e4t tekstitiedostot sek\u00e4 excelit ja Power Pointit. Meilt\u00e4 onnistuu my\u00f6s pdf-tiedostojen ja vaikkapa taittoohjelmien tiedostojen k\u00e4\u00e4nn\u00f6kset.","robots":{"index":"index","follow":"follow","max-snippet":"max-snippet:-1","max-image-preview":"max-image-preview:large","max-video-preview":"max-video-preview:-1"},"canonical":"https:\/\/kaksitranslations.fi\/en\/contact-us\/","og_locale":"en_US","og_type":"article","og_title":"Contact us - K&auml;&auml;nn&ouml;stoimisto Kaksi","og_description":"K\u00e4\u00e4nn\u00e4mme kaikki yleisimm\u00e4t tekstitiedostot sek\u00e4 excelit ja Power Pointit. Meilt\u00e4 onnistuu my\u00f6s pdf-tiedostojen ja vaikkapa taittoohjelmien tiedostojen k\u00e4\u00e4nn\u00f6kset.","og_url":"https:\/\/kaksitranslations.fi\/en\/contact-us\/","og_site_name":"K&auml;&auml;nn&ouml;stoimisto Kaksi","article_modified_time":"2025-10-29T15:26:50+00:00","twitter_card":"summary_large_image","schema":{"@context":"https:\/\/schema.org","@graph":[{"@type":"WebPage","@id":"https:\/\/kaksitranslations.fi\/en\/contact-us\/","url":"https:\/\/kaksitranslations.fi\/en\/contact-us\/","name":"Contact us - K&auml;&auml;nn&ouml;stoimisto Kaksi","isPartOf":{"@id":"https:\/\/kaksitranslations.fi\/#website"},"datePublished":"2024-06-06T14:56:26+00:00","dateModified":"2025-10-29T15:26:50+00:00","description":"K\u00e4\u00e4nn\u00e4mme kaikki yleisimm\u00e4t tekstitiedostot sek\u00e4 excelit ja Power Pointit. Meilt\u00e4 onnistuu my\u00f6s pdf-tiedostojen ja vaikkapa taittoohjelmien tiedostojen k\u00e4\u00e4nn\u00f6kset.","breadcrumb":{"@id":"https:\/\/kaksitranslations.fi\/en\/contact-us\/#breadcrumb"},"inLanguage":"en-US","potentialAction":[{"@type":"ReadAction","target":["https:\/\/kaksitranslations.fi\/en\/contact-us\/"]}]},{"@type":"BreadcrumbList","@id":"https:\/\/kaksitranslations.fi\/en\/contact-us\/#breadcrumb","itemListElement":[{"@type":"ListItem","position":1,"name":"Etusivu","item":"https:\/\/kaksitranslations.fi\/en\/"},{"@type":"ListItem","position":2,"name":"Contact us"}]},{"@type":"WebSite","@id":"https:\/\/kaksitranslations.fi\/#website","url":"https:\/\/kaksitranslations.fi\/","name":"K&auml;&auml;nn&ouml;stoimisto Kaksi","description":"","potentialAction":[{"@type":"SearchAction","target":{"@type":"EntryPoint","urlTemplate":"https:\/\/kaksitranslations.fi\/?s={search_term_string}"},"query-input":{"@type":"PropertyValueSpecification","valueRequired":true,"valueName":"search_term_string"}}],"inLanguage":"en-US"}]}},"_links":{"self":[{"href":"https:\/\/kaksitranslations.fi\/en\/wp-json\/wp\/v2\/pages\/515","targetHints":{"allow":["GET"]}}],"collection":[{"href":"https:\/\/kaksitranslations.fi\/en\/wp-json\/wp\/v2\/pages"}],"about":[{"href":"https:\/\/kaksitranslations.fi\/en\/wp-json\/wp\/v2\/types\/page"}],"author":[{"embeddable":true,"href":"https:\/\/kaksitranslations.fi\/en\/wp-json\/wp\/v2\/users\/1"}],"replies":[{"embeddable":true,"href":"https:\/\/kaksitranslations.fi\/en\/wp-json\/wp\/v2\/comments?post=515"}],"version-history":[{"count":11,"href":"https:\/\/kaksitranslations.fi\/en\/wp-json\/wp\/v2\/pages\/515\/revisions"}],"predecessor-version":[{"id":1205,"href":"https:\/\/kaksitranslations.fi\/en\/wp-json\/wp\/v2\/pages\/515\/revisions\/1205"}],"wp:attachment":[{"href":"https:\/\/kaksitranslations.fi\/en\/wp-json\/wp\/v2\/media?parent=515"}],"curies":[{"name":"wp","href":"https:\/\/api.w.org\/{rel}","templated":true}]}}