{"id":531,"date":"2022-09-15T11:04:15","date_gmt":"2022-09-15T11:04:15","guid":{"rendered":"https:\/\/kaksitranslations.fi\/home\/"},"modified":"2026-02-13T16:31:22","modified_gmt":"2026-02-13T16:31:22","slug":"home","status":"publish","type":"page","link":"https:\/\/kaksitranslations.fi\/en\/","title":{"rendered":"Home"},"content":{"rendered":"<div class=\"et_pb_section_0 et_pb_section et_section_regular et_block_section\">\n<div class=\"et_pb_row_0 et_pb_row et_block_row\">\n<div class=\"et_pb_column_0 et_pb_column et_pb_column_4_4 et-last-child et_block_column et_pb_css_mix_blend_mode_passthrough\">\n<div class=\"et_pb_text_0 et_pb_text et_pb_bg_layout_light et_pb_module et_block_module\"><div class=\"et_pb_text_inner\"><p style=\"text-align: center;\"><strong>TRANSLATION AGENCY<\/strong><\/p>\n<\/div><\/div>\n\n<div class=\"et_pb_image_0 et_pb_image et_pb_module et_block_module\"><span class=\"et_pb_image_wrap\"><img loading=\"lazy\" decoding=\"async\" src=\"https:\/\/kaksitranslations.fi\/wp-content\/uploads\/2023\/10\/kaksi-png-161023a.png\" width=\"803\" height=\"402\" srcset=\"https:\/\/kaksitranslations.fi\/wp-content\/uploads\/2023\/10\/kaksi-png-161023a.png 803w, https:\/\/kaksitranslations.fi\/wp-content\/uploads\/2023\/10\/kaksi-png-161023a-480x240.png 480w\" sizes=\"(min-width: 0px) and (max-width: 480px) 480px, (min-width: 481px) 803px, 100vw\" class=\"wp-image-132\" title=\"kaksi png 161023a\" \/><\/span><\/div>\n<\/div>\n<\/div>\n\n<div class=\"et_pb_row_1 et_pb_row et_pb_row_4col et_block_row et_block_row_4col\">\n<div class=\"et_pb_column_1 et_pb_column et_pb_column_1_4 et_block_column et_pb_column_empty et_pb_css_mix_blend_mode_passthrough\"><\/div>\n\n<div class=\"et_pb_column_2 et_pb_column et_pb_column_1_4 et_block_column et_pb_css_mix_blend_mode_passthrough\">\n<div class=\"et_pb_module et_pb_button_module_wrapper et_pb_button_0_wrapper preset--module--divi-button--31b4f027-aaa0-4f2f-ae02-959764e19e4f_wrapper\"><a class=\"et_pb_button_0 et_pb_button et_pb_bg_layout_light et_pb_module et_block_module preset--module--divi-button--31b4f027-aaa0-4f2f-ae02-959764e19e4f\" href=\"mailto:info@kaksitranslations.fi\">Contact us<\/a><\/div>\n<\/div>\n\n<div class=\"et_pb_column_3 et_pb_column et_pb_column_1_4 et_block_column et_pb_css_mix_blend_mode_passthrough\">\n<div class=\"et_pb_module et_pb_button_module_wrapper et_pb_button_1_wrapper preset--module--divi-button--31b4f027-aaa0-4f2f-ae02-959764e19e4f_wrapper\"><a class=\"et_pb_button_1 et_pb_button et_pb_bg_layout_light et_pb_module et_block_module preset--module--divi-button--31b4f027-aaa0-4f2f-ae02-959764e19e4f\" href=\"https:\/\/kaksitranslations.fi\/en\/contact-us\/\">request an offer<\/a><\/div>\n<\/div>\n\n<div class=\"et_pb_column_4 et_pb_column et_pb_column_1_4 et-last-child et_block_column et_pb_column_empty et_pb_css_mix_blend_mode_passthrough\"><\/div>\n<\/div>\n\n<div class=\"et_pb_row_2 et_pb_row et_block_row\">\n<div class=\"et_pb_column_5 et_pb_column et_pb_column_4_4 et-last-child et_block_column et_pb_css_mix_blend_mode_passthrough\">\n<div class=\"et_pb_module et_pb_button_module_wrapper et_pb_button_2_wrapper preset--module--divi-button--31b4f027-aaa0-4f2f-ae02-959764e19e4f_wrapper\"><a class=\"et_pb_button_2 et_pb_button et_pb_bg_layout_light et_pb_module et_block_module preset--module--divi-button--31b4f027-aaa0-4f2f-ae02-959764e19e4f\" href=\"https:\/\/kaksitranslations.fi\/en\/contact-us\/\">request an offer<\/a><\/div>\n\n<div class=\"et_pb_module et_pb_button_module_wrapper et_pb_button_3_wrapper preset--module--divi-button--31b4f027-aaa0-4f2f-ae02-959764e19e4f_wrapper\"><a class=\"et_pb_button_3 et_pb_button et_pb_bg_layout_light et_pb_module et_block_module preset--module--divi-button--31b4f027-aaa0-4f2f-ae02-959764e19e4f\" href=\"mailto:info@kaksitranslations.fi\">Contact us<\/a><\/div>\n\n<div class=\"et_pb_icon_0 et_pb_icon et_clickable et_pb_module et_block_module\"><span class=\"et_pb_icon_wrap\"><a href=\"#anchor1\" target=\"\"><span class=\"et-pb-icon\">?<\/span><\/a><\/span><\/div>\n<\/div>\n<\/div>\n<\/div>\n\n<div class=\"et_pb_section_1 et_pb_section et_section_regular et_block_section\" id=\"anchor1\">\n<div class=\"et_pb_row_3 et_pb_row et_block_row\">\n<div class=\"et_pb_column_6 et_pb_column et_pb_column_4_4 et-last-child et_block_column et_pb_css_mix_blend_mode_passthrough\">\n<div class=\"et_pb_text_1 et_pb_text et_pb_bg_layout_light et_pb_module et_block_module preset--module--divi-text--b327cbe4-b1d5-4b66-ad37-40c8f2f061ba\"><div class=\"et_pb_text_inner\"><h2>What do you want to translate?<\/h2>\n<\/div><\/div>\n<\/div>\n<\/div>\n\n<div class=\"et_pb_row_4 et_pb_row et_block_row\">\n<div class=\"et_pb_column_7 et_pb_column et_pb_column_1_3 et_block_column et_pb_css_mix_blend_mode_passthrough\">\n<div class=\"et_pb_blurb_0 et_pb_blurb et_pb_bg_layout_dark et_pb_text_align_center et_pb_blurb_position_top et_pb_module et_block_module\"><div class=\"et_pb_blurb_content\"><div class=\"et_pb_main_blurb_image\"><span class=\"et_pb_image_wrap\"><span class=\"et-pb-icon et-waypoint et_pb_animation_top et_pb_animation_top_tablet et_pb_animation_top_phone\">i<\/span><\/span><\/div><div class=\"et_pb_blurb_container\"><h4 class=\"et_pb_module_header\">TEXT FILES<\/h4><div class=\"et_pb_blurb_description\"><p><span>We translate all common text files as well as Excels and PowerPoints. We can also translate your pdf files and your desktop publishing files. <\/span>.<br \/><span><a href=\"https:\/\/kaksitranslations.fi\/en\/contact-us\/\" class=\"pa-blurb-button\">Find out more<\/a><\/span><\/p>\n<\/div><\/div><\/div><\/div>\n<\/div>\n\n<div class=\"et_pb_column_8 et_pb_column et_pb_column_1_3 et_block_column et_pb_css_mix_blend_mode_passthrough\">\n<div class=\"et_pb_blurb_1 et_pb_blurb et_pb_bg_layout_dark et_pb_text_align_center et_pb_blurb_position_top et_pb_module et_block_module\"><div class=\"et_pb_blurb_content\"><div class=\"et_pb_main_blurb_image\"><span class=\"et_pb_image_wrap\"><span class=\"et-pb-icon et-waypoint et_pb_animation_top et_pb_animation_top_tablet et_pb_animation_top_phone\">\uf5fc<\/span><\/span><\/div><div class=\"et_pb_blurb_container\"><h4 class=\"et_pb_module_header\">WEBSITES<\/h4><div class=\"et_pb_blurb_description\"><p><span>Is it time to translate your website into English? Or Swedish? Or really any language you want. Multilingual pages expand your online visibility   <\/span>.<br \/><span><a href=\"https:\/\/kaksitranslations.fi\/en\/contact-us\/\" class=\"pa-blurb-button\">Find out more<\/a><\/span><\/p>\n<\/div><\/div><\/div><\/div>\n<\/div>\n\n<div class=\"et_pb_column_9 et_pb_column et_pb_column_1_3 et-last-child et_block_column et_pb_css_mix_blend_mode_passthrough\">\n<div class=\"et_pb_blurb_2 et_pb_blurb et_pb_bg_layout_dark et_pb_text_align_center et_pb_blurb_position_top et_pb_module et_block_module\"><div class=\"et_pb_blurb_content\"><div class=\"et_pb_main_blurb_image\"><span class=\"et_pb_image_wrap\"><span class=\"et-pb-icon et-waypoint et_pb_animation_top et_pb_animation_top_tablet et_pb_animation_top_phone\">\uf130<\/span><\/span><\/div><div class=\"et_pb_blurb_container\"><h4 class=\"et_pb_module_header\">AUDIOFILES<\/h4><div class=\"et_pb_blurb_description\"><p>Do you have a speech, a lecture recording or a video you would like to have in text format? We can do it. We transcribe your audio and video recordings into text and translate them into the language of your choice.  <br \/><span><a href=\"https:\/\/kaksitranslations.fi\/en\/contact-us\/\" class=\"pa-blurb-button\">Find out more<\/a><\/span><\/p>\n<\/div><\/div><\/div><\/div>\n<\/div>\n<\/div>\n<\/div>\n\n<div class=\"et_pb_section_2 et_pb_section et_section_regular et_block_section\">\n<div class=\"et_pb_row_5 et_pb_row et_pb_equal_columns et_pb_gutters1 et_block_row\">\n<div class=\"et_pb_column_10 et_pb_column et_pb_column_2_5 et_block_column et_pb_column_empty et_pb_css_mix_blend_mode_passthrough\"><\/div>\n\n<div class=\"et_pb_column_11 et_pb_column et_pb_column_3_5 et-last-child et_block_column et_pb_css_mix_blend_mode_passthrough\">\n<div class=\"et_pb_text_2 et_pb_text et_pb_bg_layout_light et_pb_module et_block_module preset--module--divi-text--b327cbe4-b1d5-4b66-ad37-40c8f2f061ba\"><div class=\"et_pb_text_inner\"><h1>The big advantages of using a small agency<\/h1>\n<\/div><\/div>\n\n<div class=\"et_pb_text_3 et_pb_text et_pb_bg_layout_light et_pb_module et_block_module preset--module--divi-text--1f09816e-184e-4ce5-a4cf-b39c52c423ca\"><div class=\"et_pb_text_inner\"><p style=\"text-align: left;\">We offer you personal service and high quality at competitive prices. We are a small translation agency with long experience and expertise. We have an extensive network of language experts, which allows us to offer translations into over 100 languages.  <\/p>\n<p style=\"text-align: left;\">Translation agency KAKSI offers:<\/p>\n<p style=\"text-align: left;\">\n<ul>\n<li style=\"text-align: left;\">Personalised service: you will be put in touch with your translator to discuss your specific needs.<\/li>\n<li style=\"text-align: left;\">High quality: we have high quality standards and our translators are qualified and experienced.<\/li>\n<li style=\"text-align: left;\">Flexibility: we are flexible and can adapt to your needs.<\/li>\n<li style=\"text-align: left;\">Competitive price: we offer translations at competitive prices.<\/li>\n<li style=\"text-align: left;\">Contact us today for a quote!<\/li>\n<\/ul>\n<\/div><\/div>\n\n<div class=\"et_pb_module et_pb_button_module_wrapper et_pb_button_4_wrapper preset--module--divi-button--f489fdc3-bf1e-40c7-852b-c42851d4acb9_wrapper\"><a class=\"et_pb_button_4 et_pb_button et_pb_bg_layout_light et_pb_module et_block_module preset--module--divi-button--f489fdc3-bf1e-40c7-852b-c42851d4acb9\" href=\"\">Read more<\/a><\/div>\n<\/div>\n<\/div>\n<\/div>\n\n<div class=\"et_pb_section_3 et_pb_section et_section_regular et_block_section\"><\/div>\n\n<div class=\"et_pb_section_4 et_pb_section et_section_regular et_block_section\">\n<div class=\"et_pb_row_6 et_pb_row et_block_row\">\n<div class=\"et_pb_column_12 et_pb_column et_pb_column_4_4 et-last-child et_block_column et_pb_css_mix_blend_mode_passthrough\">\n<div class=\"et_pb_text_4 et_pb_text et_pb_bg_layout_light et_pb_module et_block_module preset--module--divi-text--b327cbe4-b1d5-4b66-ad37-40c8f2f061ba\"><div class=\"et_pb_text_inner\"><h2>Kaksi Translations - our team<\/h2>\n<\/div><\/div>\n<\/div>\n<\/div>\n\n<div class=\"et_pb_row_7 et_pb_row et_block_row\">\n<div class=\"et_pb_column_13 et_pb_column et_pb_column_1_3 et_block_column et_pb_css_mix_blend_mode_passthrough\">\n<div class=\"et_pb_image_1 et_pb_image et_pb_module et_block_module\"><span class=\"et_pb_image_wrap\"><img loading=\"lazy\" decoding=\"async\" src=\"https:\/\/kaksitranslations.fi\/wp-content\/uploads\/2025\/10\/profilbild_bw.png\" width=\"384\" height=\"384\" srcset=\"https:\/\/kaksitranslations.fi\/wp-content\/uploads\/2025\/10\/profilbild_bw.png 384w, https:\/\/kaksitranslations.fi\/wp-content\/uploads\/2025\/10\/profilbild_bw-300x300.png 300w, https:\/\/kaksitranslations.fi\/wp-content\/uploads\/2025\/10\/profilbild_bw-150x150.png 150w\" sizes=\"(max-width: 384px) 100vw, 384px\" class=\"wp-image-1185\" title=\"mikael-2\" \/><\/span><\/div>\n<\/div>\n\n<div class=\"et_pb_column_14 et_pb_column et_pb_column_2_3 et-last-child et_block_column et_pb_css_mix_blend_mode_passthrough\">\n<div class=\"et_pb_text_5 et_pb_text et_pb_bg_layout_light et_pb_module et_block_module\"><div class=\"et_pb_text_inner\" data-et-mv-hidden-tablet=\"true\"><h3>Mikael Ahlstr\u00f6m<\/h3>\n<\/div><\/div>\n\n<div class=\"et_pb_text_6 et_pb_text et_pb_bg_layout_light et_pb_module et_block_module\"><div class=\"et_pb_text_inner\" data-et-mv-hidden-tablet=\"true\"><p style=\"text-align: left;\">Translator<\/p>\n<\/div><\/div>\n\n<div class=\"et_pb_text_7 et_pb_text et_pb_bg_layout_light et_pb_module et_block_module\"><div class=\"et_pb_text_inner\"><p>By education I have a PhD degree, majoring in biology. I translate texts from English and Finnish into my target language which is Swedish. I also transcribe audio files, subtitle videos and produce videos from text into different languages using AI (AI avatars).  <\/p>\n<\/div><\/div>\n<\/div>\n<\/div>\n\n<div class=\"et_pb_row_8 et_pb_row et_block_row\">\n<div class=\"et_pb_column_15 et_pb_column et_pb_column_1_3 et_block_column et_pb_css_mix_blend_mode_passthrough\">\n<div class=\"et_pb_image_2 et_pb_image et_pb_module et_block_module\"><span class=\"et_pb_image_wrap\"><img loading=\"lazy\" decoding=\"async\" src=\"https:\/\/kaksitranslations.fi\/wp-content\/uploads\/2025\/01\/cammilla-taavitsainen.jpg\" width=\"302\" height=\"302\" srcset=\"https:\/\/kaksitranslations.fi\/wp-content\/uploads\/2025\/01\/cammilla-taavitsainen.jpg 302w, https:\/\/kaksitranslations.fi\/wp-content\/uploads\/2025\/01\/cammilla-taavitsainen-300x300.jpg 300w, https:\/\/kaksitranslations.fi\/wp-content\/uploads\/2025\/01\/cammilla-taavitsainen-150x150.jpg 150w\" sizes=\"(max-width: 302px) 100vw, 302px\" class=\"wp-image-387\" title=\"cammilla-taavitsainen\" \/><\/span><\/div>\n<\/div>\n\n<div class=\"et_pb_column_16 et_pb_column et_pb_column_2_3 et-last-child et_block_column et_pb_css_mix_blend_mode_passthrough\">\n<div class=\"et_pb_text_8 et_pb_text et_pb_bg_layout_light et_pb_module et_block_module\"><div class=\"et_pb_text_inner\" data-et-mv-hidden-tablet=\"true\"><h3>Camilla Taavitsainen<\/h3>\n<\/div><\/div>\n\n<div class=\"et_pb_text_9 et_pb_text et_pb_bg_layout_light et_pb_module et_block_module\"><div class=\"et_pb_text_inner\" data-et-mv-hidden-tablet=\"true\"><p>Translator<\/p>\n<\/div><\/div>\n\n<div class=\"et_pb_text_10 et_pb_text et_pb_bg_layout_light et_pb_module et_block_module\"><div class=\"et_pb_text_inner\"><p>Camilla has over thirty years of experience in both big and small translations in the language pair Finnish-Swedish. In addition to translation work, Camilla also carries out linguistic proofreading for us when the target language is Swedish.  <\/p>\n<\/div><\/div>\n<\/div>\n<\/div>\n\n<div class=\"et_pb_row_9 et_pb_row et_block_row\">\n<div class=\"et_pb_column_17 et_pb_column et_pb_column_1_3 et_block_column et_pb_css_mix_blend_mode_passthrough\">\n<div class=\"et_pb_image_3 et_pb_image et_pb_module et_block_module\"><span class=\"et_pb_image_wrap\"><img loading=\"lazy\" decoding=\"async\" src=\"https:\/\/kaksitranslations.fi\/wp-content\/uploads\/2024\/03\/anne-kaantaja.jpg\" width=\"400\" height=\"400\" srcset=\"https:\/\/kaksitranslations.fi\/wp-content\/uploads\/2024\/03\/anne-kaantaja.jpg 400w, https:\/\/kaksitranslations.fi\/wp-content\/uploads\/2024\/03\/anne-kaantaja-300x300.jpg 300w, https:\/\/kaksitranslations.fi\/wp-content\/uploads\/2024\/03\/anne-kaantaja-150x150.jpg 150w\" sizes=\"(max-width: 400px) 100vw, 400px\" class=\"wp-image-222\" title=\"anne-kaantaja\" \/><\/span><\/div>\n<\/div>\n\n<div class=\"et_pb_column_18 et_pb_column et_pb_column_2_3 et-last-child et_block_column et_pb_css_mix_blend_mode_passthrough\">\n<div class=\"et_pb_text_11 et_pb_text et_pb_bg_layout_light et_pb_module et_block_module\"><div class=\"et_pb_text_inner\" data-et-mv-hidden-tablet=\"true\"><h3>Anne P\u00f6lkki<\/h3>\n<\/div><\/div>\n\n<div class=\"et_pb_text_12 et_pb_text et_pb_bg_layout_light et_pb_module et_block_module\"><div class=\"et_pb_text_inner\" data-et-mv-hidden-tablet=\"true\"><p>Translator<\/p>\n<\/div><\/div>\n\n<div class=\"et_pb_text_13 et_pb_text et_pb_bg_layout_light et_pb_module et_block_module\"><div class=\"et_pb_text_inner\"><p>I have a Master's degree in Philosophy, with a major in Translation. I translate both factual texts and literature from French, English, Swedish and Norwegian into my target language Finnish with solid experiance. I also proofread texts and offer other language services in Finnish.<\/p>\n<\/div><\/div>\n<\/div>\n<\/div>\n\n<div class=\"et_pb_row_10 et_pb_row et_block_row\">\n<div class=\"et_pb_column_19 et_pb_column et_pb_column_1_3 et_block_column et_pb_css_mix_blend_mode_passthrough\">\n<div class=\"et_pb_image_4 et_pb_image et_pb_module et_block_module\"><span class=\"et_pb_image_wrap\"><img loading=\"lazy\" decoding=\"async\" src=\"https:\/\/kaksitranslations.fi\/wp-content\/uploads\/2025\/01\/Peter.jpg\" width=\"302\" height=\"302\" srcset=\"https:\/\/kaksitranslations.fi\/wp-content\/uploads\/2025\/01\/Peter.jpg 302w, https:\/\/kaksitranslations.fi\/wp-content\/uploads\/2025\/01\/Peter-300x300.jpg 300w, https:\/\/kaksitranslations.fi\/wp-content\/uploads\/2025\/01\/Peter-150x150.jpg 150w\" sizes=\"(max-width: 302px) 100vw, 302px\" class=\"wp-image-386\" title=\"Peter\" \/><\/span><\/div>\n<\/div>\n\n<div class=\"et_pb_column_20 et_pb_column et_pb_column_2_3 et-last-child et_block_column et_pb_css_mix_blend_mode_passthrough\">\n<div class=\"et_pb_text_14 et_pb_text et_pb_bg_layout_light et_pb_module et_block_module\"><div class=\"et_pb_text_inner\" data-et-mv-hidden-tablet=\"true\"><h3 style=\"text-align: left;\">Peter Seenan<\/h3>\n<\/div><\/div>\n\n<div class=\"et_pb_text_15 et_pb_text et_pb_bg_layout_light et_pb_module et_block_module\"><div class=\"et_pb_text_inner\" data-et-mv-hidden-tablet=\"true\"><p style=\"text-align: left;\">Language expert \/ journalist<\/p>\n<\/div><\/div>\n\n<div class=\"et_pb_text_16 et_pb_text et_pb_bg_layout_light et_pb_module et_block_module\"><div class=\"et_pb_text_inner\"><p>Peter Seenan Scottish journalist\/copy. Peter holds a Master's degree in Journalism and a Master's degree in Politics. He has worked as a language and communication specialist for more than 15 years. At our agency, Peter proofreads texts in English with solid experience.<\/p>\n<\/div><\/div>\n<\/div>\n<\/div>\n<\/div>","protected":false},"excerpt":{"rendered":"","protected":false},"author":1,"featured_media":0,"parent":0,"menu_order":0,"comment_status":"closed","ping_status":"closed","template":"","meta":{"footnotes":""},"class_list":["post-531","page","type-page","status-publish","hentry"],"yoast_head":"<!-- This site is optimized with the Yoast SEO plugin v26.9 - https:\/\/yoast.com\/product\/yoast-seo-wordpress\/ -->\n<title>Home - K&auml;&auml;nn&ouml;stoimisto Kaksi<\/title>\n<meta name=\"description\" content=\"K\u00e4\u00e4nn\u00e4mme kaikki yleisimm\u00e4t tekstitiedostot sek\u00e4 excelit ja Power Pointit. Meilt\u00e4 onnistuu my\u00f6s pdf-tiedostojen ja vaikkapa taittoohjelmien tiedostojen k\u00e4\u00e4nn\u00f6kset.\" \/>\n<meta name=\"robots\" content=\"index, follow, max-snippet:-1, max-image-preview:large, max-video-preview:-1\" \/>\n<link rel=\"canonical\" href=\"https:\/\/kaksitranslations.fi\/en\/\" \/>\n<meta property=\"og:locale\" content=\"en_US\" \/>\n<meta property=\"og:type\" content=\"article\" \/>\n<meta property=\"og:title\" content=\"Home - K&auml;&auml;nn&ouml;stoimisto Kaksi\" \/>\n<meta property=\"og:description\" content=\"K\u00e4\u00e4nn\u00e4mme kaikki yleisimm\u00e4t tekstitiedostot sek\u00e4 excelit ja Power Pointit. Meilt\u00e4 onnistuu my\u00f6s pdf-tiedostojen ja vaikkapa taittoohjelmien tiedostojen k\u00e4\u00e4nn\u00f6kset.\" \/>\n<meta property=\"og:url\" content=\"https:\/\/kaksitranslations.fi\/en\/\" \/>\n<meta property=\"og:site_name\" content=\"K&auml;&auml;nn&ouml;stoimisto Kaksi\" \/>\n<meta property=\"article:modified_time\" content=\"2026-02-13T16:31:22+00:00\" \/>\n<meta name=\"twitter:card\" content=\"summary_large_image\" \/>\n<script type=\"application\/ld+json\" class=\"yoast-schema-graph\">{\"@context\":\"https:\/\/schema.org\",\"@graph\":[{\"@type\":\"WebPage\",\"@id\":\"https:\/\/kaksitranslations.fi\/en\/\",\"url\":\"https:\/\/kaksitranslations.fi\/en\/\",\"name\":\"Home - K&auml;&auml;nn&ouml;stoimisto Kaksi\",\"isPartOf\":{\"@id\":\"https:\/\/kaksitranslations.fi\/#website\"},\"datePublished\":\"2022-09-15T11:04:15+00:00\",\"dateModified\":\"2026-02-13T16:31:22+00:00\",\"description\":\"K\u00e4\u00e4nn\u00e4mme kaikki yleisimm\u00e4t tekstitiedostot sek\u00e4 excelit ja Power Pointit. Meilt\u00e4 onnistuu my\u00f6s pdf-tiedostojen ja vaikkapa taittoohjelmien tiedostojen k\u00e4\u00e4nn\u00f6kset.\",\"breadcrumb\":{\"@id\":\"https:\/\/kaksitranslations.fi\/en\/#breadcrumb\"},\"inLanguage\":\"en-US\",\"potentialAction\":[{\"@type\":\"ReadAction\",\"target\":[\"https:\/\/kaksitranslations.fi\/en\/\"]}]},{\"@type\":\"BreadcrumbList\",\"@id\":\"https:\/\/kaksitranslations.fi\/en\/#breadcrumb\",\"itemListElement\":[{\"@type\":\"ListItem\",\"position\":1,\"name\":\"Etusivu\",\"item\":\"https:\/\/kaksitranslations.fi\/en\/\"},{\"@type\":\"ListItem\",\"position\":2,\"name\":\"Home\"}]},{\"@type\":\"WebSite\",\"@id\":\"https:\/\/kaksitranslations.fi\/#website\",\"url\":\"https:\/\/kaksitranslations.fi\/\",\"name\":\"K&auml;&auml;nn&ouml;stoimisto Kaksi\",\"description\":\"\",\"potentialAction\":[{\"@type\":\"SearchAction\",\"target\":{\"@type\":\"EntryPoint\",\"urlTemplate\":\"https:\/\/kaksitranslations.fi\/?s={search_term_string}\"},\"query-input\":{\"@type\":\"PropertyValueSpecification\",\"valueRequired\":true,\"valueName\":\"search_term_string\"}}],\"inLanguage\":\"en-US\"}]}<\/script>\n<!-- \/ Yoast SEO plugin. -->","yoast_head_json":{"title":"Home - K&auml;&auml;nn&ouml;stoimisto Kaksi","description":"K\u00e4\u00e4nn\u00e4mme kaikki yleisimm\u00e4t tekstitiedostot sek\u00e4 excelit ja Power Pointit. Meilt\u00e4 onnistuu my\u00f6s pdf-tiedostojen ja vaikkapa taittoohjelmien tiedostojen k\u00e4\u00e4nn\u00f6kset.","robots":{"index":"index","follow":"follow","max-snippet":"max-snippet:-1","max-image-preview":"max-image-preview:large","max-video-preview":"max-video-preview:-1"},"canonical":"https:\/\/kaksitranslations.fi\/en\/","og_locale":"en_US","og_type":"article","og_title":"Home - K&auml;&auml;nn&ouml;stoimisto Kaksi","og_description":"K\u00e4\u00e4nn\u00e4mme kaikki yleisimm\u00e4t tekstitiedostot sek\u00e4 excelit ja Power Pointit. Meilt\u00e4 onnistuu my\u00f6s pdf-tiedostojen ja vaikkapa taittoohjelmien tiedostojen k\u00e4\u00e4nn\u00f6kset.","og_url":"https:\/\/kaksitranslations.fi\/en\/","og_site_name":"K&auml;&auml;nn&ouml;stoimisto Kaksi","article_modified_time":"2026-02-13T16:31:22+00:00","twitter_card":"summary_large_image","schema":{"@context":"https:\/\/schema.org","@graph":[{"@type":"WebPage","@id":"https:\/\/kaksitranslations.fi\/en\/","url":"https:\/\/kaksitranslations.fi\/en\/","name":"Home - K&auml;&auml;nn&ouml;stoimisto Kaksi","isPartOf":{"@id":"https:\/\/kaksitranslations.fi\/#website"},"datePublished":"2022-09-15T11:04:15+00:00","dateModified":"2026-02-13T16:31:22+00:00","description":"K\u00e4\u00e4nn\u00e4mme kaikki yleisimm\u00e4t tekstitiedostot sek\u00e4 excelit ja Power Pointit. Meilt\u00e4 onnistuu my\u00f6s pdf-tiedostojen ja vaikkapa taittoohjelmien tiedostojen k\u00e4\u00e4nn\u00f6kset.","breadcrumb":{"@id":"https:\/\/kaksitranslations.fi\/en\/#breadcrumb"},"inLanguage":"en-US","potentialAction":[{"@type":"ReadAction","target":["https:\/\/kaksitranslations.fi\/en\/"]}]},{"@type":"BreadcrumbList","@id":"https:\/\/kaksitranslations.fi\/en\/#breadcrumb","itemListElement":[{"@type":"ListItem","position":1,"name":"Etusivu","item":"https:\/\/kaksitranslations.fi\/en\/"},{"@type":"ListItem","position":2,"name":"Home"}]},{"@type":"WebSite","@id":"https:\/\/kaksitranslations.fi\/#website","url":"https:\/\/kaksitranslations.fi\/","name":"K&auml;&auml;nn&ouml;stoimisto Kaksi","description":"","potentialAction":[{"@type":"SearchAction","target":{"@type":"EntryPoint","urlTemplate":"https:\/\/kaksitranslations.fi\/?s={search_term_string}"},"query-input":{"@type":"PropertyValueSpecification","valueRequired":true,"valueName":"search_term_string"}}],"inLanguage":"en-US"}]}},"_links":{"self":[{"href":"https:\/\/kaksitranslations.fi\/en\/wp-json\/wp\/v2\/pages\/531","targetHints":{"allow":["GET"]}}],"collection":[{"href":"https:\/\/kaksitranslations.fi\/en\/wp-json\/wp\/v2\/pages"}],"about":[{"href":"https:\/\/kaksitranslations.fi\/en\/wp-json\/wp\/v2\/types\/page"}],"author":[{"embeddable":true,"href":"https:\/\/kaksitranslations.fi\/en\/wp-json\/wp\/v2\/users\/1"}],"replies":[{"embeddable":true,"href":"https:\/\/kaksitranslations.fi\/en\/wp-json\/wp\/v2\/comments?post=531"}],"version-history":[{"count":150,"href":"https:\/\/kaksitranslations.fi\/en\/wp-json\/wp\/v2\/pages\/531\/revisions"}],"predecessor-version":[{"id":1224,"href":"https:\/\/kaksitranslations.fi\/en\/wp-json\/wp\/v2\/pages\/531\/revisions\/1224"}],"wp:attachment":[{"href":"https:\/\/kaksitranslations.fi\/en\/wp-json\/wp\/v2\/media?parent=531"}],"curies":[{"name":"wp","href":"https:\/\/api.w.org\/{rel}","templated":true}]}}