{"id":560,"date":"2022-09-15T11:04:15","date_gmt":"2022-09-15T11:04:15","guid":{"rendered":"https:\/\/kaksitranslations.fi\/hem\/"},"modified":"2026-02-13T16:29:55","modified_gmt":"2026-02-13T16:29:55","slug":"hem","status":"publish","type":"page","link":"https:\/\/kaksitranslations.fi\/sv\/","title":{"rendered":"Hem"},"content":{"rendered":"<div class=\"et_pb_section_0 et_pb_section et_section_regular et_block_section\">\n<div class=\"et_pb_row_0 et_pb_row et_block_row\">\n<div class=\"et_pb_column_0 et_pb_column et_pb_column_4_4 et-last-child et_block_column et_pb_css_mix_blend_mode_passthrough\">\n<div class=\"et_pb_text_0 et_pb_text et_pb_bg_layout_light et_pb_module et_block_module\"><div class=\"et_pb_text_inner\"><p style=\"text-align: center;\"><strong>\u00d6VERS\u00c4TTNINGSBYR\u00c5N<\/strong><\/p>\n<\/div><\/div>\n\n<div class=\"et_pb_image_0 et_pb_image et_pb_module et_block_module\"><span class=\"et_pb_image_wrap\"><img loading=\"lazy\" decoding=\"async\" src=\"https:\/\/kaksitranslations.fi\/wp-content\/uploads\/2023\/10\/kaksi-png-161023a.png\" width=\"803\" height=\"402\" srcset=\"https:\/\/kaksitranslations.fi\/wp-content\/uploads\/2023\/10\/kaksi-png-161023a.png 803w, https:\/\/kaksitranslations.fi\/wp-content\/uploads\/2023\/10\/kaksi-png-161023a-480x240.png 480w\" sizes=\"(min-width: 0px) and (max-width: 480px) 480px, (min-width: 481px) 803px, 100vw\" class=\"wp-image-132\" title=\"kaksi png 161023a\" \/><\/span><\/div>\n<\/div>\n<\/div>\n\n<div class=\"et_pb_row_1 et_pb_row et_pb_row_4col et_block_row et_block_row_4col\">\n<div class=\"et_pb_column_1 et_pb_column et_pb_column_1_4 et_block_column et_pb_column_empty et_pb_css_mix_blend_mode_passthrough\"><\/div>\n\n<div class=\"et_pb_column_2 et_pb_column et_pb_column_1_4 et_block_column et_pb_css_mix_blend_mode_passthrough\">\n<div class=\"et_pb_module et_pb_button_module_wrapper et_pb_button_0_wrapper preset--module--divi-button--31b4f027-aaa0-4f2f-ae02-959764e19e4f_wrapper\"><a class=\"et_pb_button_0 et_pb_button et_pb_bg_layout_light et_pb_module et_block_module preset--module--divi-button--31b4f027-aaa0-4f2f-ae02-959764e19e4f\" href=\"mailto:info@kaksitranslations.fi\">Kontakta oss<\/a><\/div>\n<\/div>\n\n<div class=\"et_pb_column_3 et_pb_column et_pb_column_1_4 et_block_column et_pb_css_mix_blend_mode_passthrough\">\n<div class=\"et_pb_module et_pb_button_module_wrapper et_pb_button_1_wrapper preset--module--divi-button--31b4f027-aaa0-4f2f-ae02-959764e19e4f_wrapper\"><a class=\"et_pb_button_1 et_pb_button et_pb_bg_layout_light et_pb_module et_block_module preset--module--divi-button--31b4f027-aaa0-4f2f-ae02-959764e19e4f\" href=\"https:\/\/kaksitranslations.fi\/sv\/kontakta-oss\/\">Be om offert<\/a><\/div>\n<\/div>\n\n<div class=\"et_pb_column_4 et_pb_column et_pb_column_1_4 et-last-child et_block_column et_pb_column_empty et_pb_css_mix_blend_mode_passthrough\"><\/div>\n<\/div>\n\n<div class=\"et_pb_row_2 et_pb_row et_block_row\">\n<div class=\"et_pb_column_5 et_pb_column et_pb_column_4_4 et-last-child et_block_column et_pb_css_mix_blend_mode_passthrough\">\n<div class=\"et_pb_module et_pb_button_module_wrapper et_pb_button_2_wrapper preset--module--divi-button--31b4f027-aaa0-4f2f-ae02-959764e19e4f_wrapper\"><a class=\"et_pb_button_2 et_pb_button et_pb_bg_layout_light et_pb_module et_block_module preset--module--divi-button--31b4f027-aaa0-4f2f-ae02-959764e19e4f\" href=\"https:\/\/kaksitranslations.fi\/sv\/kontakta-oss\/\">Be om offert<\/a><\/div>\n\n<div class=\"et_pb_module et_pb_button_module_wrapper et_pb_button_3_wrapper preset--module--divi-button--31b4f027-aaa0-4f2f-ae02-959764e19e4f_wrapper\"><a class=\"et_pb_button_3 et_pb_button et_pb_bg_layout_light et_pb_module et_block_module preset--module--divi-button--31b4f027-aaa0-4f2f-ae02-959764e19e4f\" href=\"mailto:info@kaksitranslations.fi\">Kontakta oss<\/a><\/div>\n\n<div class=\"et_pb_icon_0 et_pb_icon et_clickable et_pb_module et_block_module\"><span class=\"et_pb_icon_wrap\"><a href=\"#anchor1\" target=\"\"><span class=\"et-pb-icon\">?<\/span><\/a><\/span><\/div>\n<\/div>\n<\/div>\n<\/div>\n\n<div class=\"et_pb_section_1 et_pb_section et_section_regular et_block_section\" id=\"anchor1\">\n<div class=\"et_pb_row_3 et_pb_row et_block_row\">\n<div class=\"et_pb_column_6 et_pb_column et_pb_column_4_4 et-last-child et_block_column et_pb_css_mix_blend_mode_passthrough\">\n<div class=\"et_pb_text_1 et_pb_text et_pb_bg_layout_light et_pb_module et_block_module preset--module--divi-text--b327cbe4-b1d5-4b66-ad37-40c8f2f061ba\"><div class=\"et_pb_text_inner\"><h2>Vad vill du \u00f6vers\u00e4tta?<\/h2>\n<\/div><\/div>\n<\/div>\n<\/div>\n\n<div class=\"et_pb_row_4 et_pb_row et_block_row\">\n<div class=\"et_pb_column_7 et_pb_column et_pb_column_1_3 et_block_column et_pb_css_mix_blend_mode_passthrough\">\n<div class=\"et_pb_blurb_0 et_pb_blurb et_pb_bg_layout_dark et_pb_text_align_center et_pb_blurb_position_top et_pb_module et_block_module\"><div class=\"et_pb_blurb_content\"><div class=\"et_pb_main_blurb_image\"><span class=\"et_pb_image_wrap\"><span class=\"et-pb-icon et-waypoint et_pb_animation_top et_pb_animation_top_tablet et_pb_animation_top_phone\">i<\/span><\/span><\/div><div class=\"et_pb_blurb_container\"><h4 class=\"et_pb_module_header\">TEXTFILER<\/h4><div class=\"et_pb_blurb_description\"><p><span>Vi \u00f6vers\u00e4tter alla de vanligaste textfilsformaten samt Excel och PowerPoint. Vi \u00f6vers\u00e4tter ocks\u00e5 pdf-filer och bland annat filer f\u00f6r ombrytningsprogram som InDesign. <\/span>.<br \/><span><a href=\"https:\/\/kaksitranslations.fi\/sv\/kontakta-oss\/\" class=\"pa-blurb-button\">Mer information<\/a><\/span><\/p>\n<\/div><\/div><\/div><\/div>\n<\/div>\n\n<div class=\"et_pb_column_8 et_pb_column et_pb_column_1_3 et_block_column et_pb_css_mix_blend_mode_passthrough\">\n<div class=\"et_pb_blurb_1 et_pb_blurb et_pb_bg_layout_dark et_pb_text_align_center et_pb_blurb_position_top et_pb_module et_block_module\"><div class=\"et_pb_blurb_content\"><div class=\"et_pb_main_blurb_image\"><span class=\"et_pb_image_wrap\"><span class=\"et-pb-icon et-waypoint et_pb_animation_top et_pb_animation_top_tablet et_pb_animation_top_phone\">\uf5fc<\/span><\/span><\/div><div class=\"et_pb_blurb_container\"><h4 class=\"et_pb_module_header\">WEBBPLATSER<\/h4><div class=\"et_pb_blurb_description\"><p><span>\u00c4r det dags att \u00f6vers\u00e4tta din webbplats till engelska? Eller svenska? Eller egentligen till vilket spr\u00e5k som helst. Flerspr\u00e5kiga sidor \u00f6kar din synlighet p\u00e5 n\u00e4tet.   <\/span>.<br \/><span><a href=\"https:\/\/kaksitranslations.fi\/sv\/kontakta-oss\/\" class=\"pa-blurb-button\">Mer information<\/a><\/span><\/p>\n<\/div><\/div><\/div><\/div>\n<\/div>\n\n<div class=\"et_pb_column_9 et_pb_column et_pb_column_1_3 et-last-child et_block_column et_pb_css_mix_blend_mode_passthrough\">\n<div class=\"et_pb_blurb_2 et_pb_blurb et_pb_bg_layout_dark et_pb_text_align_center et_pb_blurb_position_top et_pb_module et_block_module\"><div class=\"et_pb_blurb_content\"><div class=\"et_pb_main_blurb_image\"><span class=\"et_pb_image_wrap\"><span class=\"et-pb-icon et-waypoint et_pb_animation_top et_pb_animation_top_tablet et_pb_animation_top_phone\">\uf130<\/span><\/span><\/div><div class=\"et_pb_blurb_container\"><h4 class=\"et_pb_module_header\">LJUDFILER<\/h4><div class=\"et_pb_blurb_description\"><p>Har du ett tal, en inspelning av en f\u00f6rel\u00e4sning eller en video som du vill ha i textformat? Vi kan fixa det. Vi transkriberar dina ljudfiler och videoinspelningar till text och \u00f6vers\u00e4tter dem till det spr\u00e5k du \u00f6nskar.  <br \/><span><a href=\"https:\/\/kaksitranslations.fi\/sv\/kontakta-oss\/\" class=\"pa-blurb-button\">Mer information<\/a><\/span><\/p>\n<\/div><\/div><\/div><\/div>\n<\/div>\n<\/div>\n<\/div>\n\n<div class=\"et_pb_section_2 et_pb_section et_section_regular et_block_section\">\n<div class=\"et_pb_row_5 et_pb_row et_pb_equal_columns et_pb_gutters1 et_block_row\">\n<div class=\"et_pb_column_10 et_pb_column et_pb_column_2_5 et_block_column et_pb_column_empty et_pb_css_mix_blend_mode_passthrough\"><\/div>\n\n<div class=\"et_pb_column_11 et_pb_column et_pb_column_3_5 et-last-child et_block_column et_pb_css_mix_blend_mode_passthrough\">\n<div class=\"et_pb_text_2 et_pb_text et_pb_bg_layout_light et_pb_module et_block_module preset--module--divi-text--b327cbe4-b1d5-4b66-ad37-40c8f2f061ba\"><div class=\"et_pb_text_inner\"><h1>En liten \u00f6vers\u00e4ttningsbyr\u00e5 har stora f\u00f6rdelar<\/h1>\n<\/div><\/div>\n\n<div class=\"et_pb_text_3 et_pb_text et_pb_bg_layout_light et_pb_module et_block_module preset--module--divi-text--1f09816e-184e-4ce5-a4cf-b39c52c423ca\"><div class=\"et_pb_text_inner\"><p style=\"text-align: left;\">Vi erbjuder dig personlig service och h\u00f6g kvalitet till konkurrenskraftiga priser. Vi \u00e4r en liten \u00f6vers\u00e4ttningsbyr\u00e5 med l\u00e5ng erfarenhet och kompetens. Vi har ett omfattande n\u00e4tverk av spr\u00e5kexperter som g\u00f6r att vi kan erbjuda \u00f6vers\u00e4ttningar till \u00f6ver 100 spr\u00e5k.  <\/p>\n<p style=\"text-align: left;\">\u00d6vers\u00e4ttningsbyr\u00e5n KAKSI erbjuder:<\/p>\n<p style=\"text-align: left;\">\n<ul>\n<li style=\"text-align: left;\">Personlig service: du f\u00e5r kontakt med din \u00f6vers\u00e4ttare f\u00f6r att diskutera dina specifika behov.<\/li>\n<li style=\"text-align: left;\">H\u00f6g kvalitet: Vi har h\u00f6ga kvalitetsstandarder och kvalificerade samt erfarna \u00f6vers\u00e4ttare.<\/li>\n<li style=\"text-align: left;\">Flexibilitet: Vi \u00e4r flexibla och kan anpassa oss till dina behov.<\/li>\n<li style=\"text-align: left;\">Konkurrenskraftiga priser: Vi erbjuder \u00f6vers\u00e4ttningar till f\u00f6rm\u00e5nligt pris.<\/li>\n<li style=\"text-align: left;\">Kontakta oss idag f\u00f6r en offert!<\/li>\n<\/ul>\n<\/div><\/div>\n\n<div class=\"et_pb_module et_pb_button_module_wrapper et_pb_button_4_wrapper preset--module--divi-button--f489fdc3-bf1e-40c7-852b-c42851d4acb9_wrapper\"><a class=\"et_pb_button_4 et_pb_button et_pb_bg_layout_light et_pb_module et_block_module preset--module--divi-button--f489fdc3-bf1e-40c7-852b-c42851d4acb9\" href=\"\">L\u00e4s mer<\/a><\/div>\n<\/div>\n<\/div>\n<\/div>\n\n<div class=\"et_pb_section_3 et_pb_section et_section_regular et_block_section\"><\/div>\n\n<div class=\"et_pb_section_4 et_pb_section et_section_regular et_block_section\">\n<div class=\"et_pb_row_6 et_pb_row et_block_row\">\n<div class=\"et_pb_column_12 et_pb_column et_pb_column_4_4 et-last-child et_block_column et_pb_css_mix_blend_mode_passthrough\">\n<div class=\"et_pb_text_4 et_pb_text et_pb_bg_layout_light et_pb_module et_block_module preset--module--divi-text--b327cbe4-b1d5-4b66-ad37-40c8f2f061ba\"><div class=\"et_pb_text_inner\"><h2>\u00d6vers\u00e4ttningsbyr\u00e5n Kaksi - v\u00e5rt team<\/h2>\n<\/div><\/div>\n<\/div>\n<\/div>\n\n<div class=\"et_pb_row_7 et_pb_row et_block_row\">\n<div class=\"et_pb_column_13 et_pb_column et_pb_column_1_3 et_block_column et_pb_css_mix_blend_mode_passthrough\">\n<div class=\"et_pb_image_1 et_pb_image et_pb_module et_block_module\"><span class=\"et_pb_image_wrap\"><img loading=\"lazy\" decoding=\"async\" src=\"https:\/\/kaksitranslations.fi\/wp-content\/uploads\/2025\/10\/profilbild_bw.png\" width=\"384\" height=\"384\" srcset=\"https:\/\/kaksitranslations.fi\/wp-content\/uploads\/2025\/10\/profilbild_bw.png 384w, https:\/\/kaksitranslations.fi\/wp-content\/uploads\/2025\/10\/profilbild_bw-300x300.png 300w, https:\/\/kaksitranslations.fi\/wp-content\/uploads\/2025\/10\/profilbild_bw-150x150.png 150w\" sizes=\"(max-width: 384px) 100vw, 384px\" class=\"wp-image-1185\" title=\"mikael-2\" \/><\/span><\/div>\n<\/div>\n\n<div class=\"et_pb_column_14 et_pb_column et_pb_column_2_3 et-last-child et_block_column et_pb_css_mix_blend_mode_passthrough\">\n<div class=\"et_pb_text_5 et_pb_text et_pb_bg_layout_light et_pb_module et_block_module\"><div class=\"et_pb_text_inner\" data-et-mv-hidden-tablet=\"true\"><h3>Mikael Ahlstr\u00f6m<\/h3>\n<\/div><\/div>\n\n<div class=\"et_pb_text_6 et_pb_text et_pb_bg_layout_light et_pb_module et_block_module\"><div class=\"et_pb_text_inner\" data-et-mv-hidden-tablet=\"true\"><p style=\"text-align: left;\">\u00d6vers\u00e4ttare<\/p>\n<\/div><\/div>\n\n<div class=\"et_pb_text_7 et_pb_text et_pb_bg_layout_light et_pb_module et_block_module\"><div class=\"et_pb_text_inner\"><p>Jag \u00e4r utbildad filosofie doktor med biologi som huvud\u00e4mne och \u00f6vers\u00e4tter texter fr\u00e5n engelska och finska till mitt m\u00e5lspr\u00e5k, svenska. Jag transkriberar ocks\u00e5 ljudfiler, undertextar videor och producerar videor fr\u00e5n text till olika spr\u00e5k med hj\u00e4lp av AI (AI avatarer).  <\/p>\n<\/div><\/div>\n<\/div>\n<\/div>\n\n<div class=\"et_pb_row_8 et_pb_row et_block_row\">\n<div class=\"et_pb_column_15 et_pb_column et_pb_column_1_3 et_block_column et_pb_css_mix_blend_mode_passthrough\">\n<div class=\"et_pb_image_2 et_pb_image et_pb_module et_block_module\"><span class=\"et_pb_image_wrap\"><img loading=\"lazy\" decoding=\"async\" src=\"https:\/\/kaksitranslations.fi\/wp-content\/uploads\/2025\/01\/cammilla-taavitsainen.jpg\" width=\"302\" height=\"302\" srcset=\"https:\/\/kaksitranslations.fi\/wp-content\/uploads\/2025\/01\/cammilla-taavitsainen.jpg 302w, https:\/\/kaksitranslations.fi\/wp-content\/uploads\/2025\/01\/cammilla-taavitsainen-300x300.jpg 300w, https:\/\/kaksitranslations.fi\/wp-content\/uploads\/2025\/01\/cammilla-taavitsainen-150x150.jpg 150w\" sizes=\"(max-width: 302px) 100vw, 302px\" class=\"wp-image-387\" title=\"cammilla-taavitsainen\" \/><\/span><\/div>\n<\/div>\n\n<div class=\"et_pb_column_16 et_pb_column et_pb_column_2_3 et-last-child et_block_column et_pb_css_mix_blend_mode_passthrough\">\n<div class=\"et_pb_text_8 et_pb_text et_pb_bg_layout_light et_pb_module et_block_module\"><div class=\"et_pb_text_inner\" data-et-mv-hidden-tablet=\"true\"><h3>Camilla Taavitsainen<\/h3>\n<\/div><\/div>\n\n<div class=\"et_pb_text_9 et_pb_text et_pb_bg_layout_light et_pb_module et_block_module\"><div class=\"et_pb_text_inner\" data-et-mv-hidden-tablet=\"true\"><p>\u00d6vers\u00e4ttare<\/p>\n<\/div><\/div>\n\n<div class=\"et_pb_text_10 et_pb_text et_pb_bg_layout_light et_pb_module et_block_module\"><div class=\"et_pb_text_inner\"><p>Camilla har \u00f6ver trettio \u00e5rs erfarenhet av b\u00e5de stora och sm\u00e5 \u00f6vers\u00e4ttningar i spr\u00e5kparet finska-svenska. Ut\u00f6ver \u00f6vers\u00e4ttningsarbete utf\u00f6r Camilla ocks\u00e5 korrekturl\u00e4sning \u00e5t n\u00e4r m\u00e5lspr\u00e5ket \u00e4r svenska.  <\/p>\n<\/div><\/div>\n<\/div>\n<\/div>\n\n<div class=\"et_pb_row_9 et_pb_row et_block_row\">\n<div class=\"et_pb_column_17 et_pb_column et_pb_column_1_3 et_block_column et_pb_css_mix_blend_mode_passthrough\">\n<div class=\"et_pb_image_3 et_pb_image et_pb_module et_block_module\"><span class=\"et_pb_image_wrap\"><img loading=\"lazy\" decoding=\"async\" src=\"https:\/\/kaksitranslations.fi\/wp-content\/uploads\/2024\/03\/anne-kaantaja.jpg\" width=\"400\" height=\"400\" srcset=\"https:\/\/kaksitranslations.fi\/wp-content\/uploads\/2024\/03\/anne-kaantaja.jpg 400w, https:\/\/kaksitranslations.fi\/wp-content\/uploads\/2024\/03\/anne-kaantaja-300x300.jpg 300w, https:\/\/kaksitranslations.fi\/wp-content\/uploads\/2024\/03\/anne-kaantaja-150x150.jpg 150w\" sizes=\"(max-width: 400px) 100vw, 400px\" class=\"wp-image-222\" title=\"anne-kaantaja\" \/><\/span><\/div>\n<\/div>\n\n<div class=\"et_pb_column_18 et_pb_column et_pb_column_2_3 et-last-child et_block_column et_pb_css_mix_blend_mode_passthrough\">\n<div class=\"et_pb_text_11 et_pb_text et_pb_bg_layout_light et_pb_module et_block_module\"><div class=\"et_pb_text_inner\" data-et-mv-hidden-tablet=\"true\"><h3>Anne P\u00f6lkki<\/h3>\n<\/div><\/div>\n\n<div class=\"et_pb_text_12 et_pb_text et_pb_bg_layout_light et_pb_module et_block_module\"><div class=\"et_pb_text_inner\" data-et-mv-hidden-tablet=\"true\"><p>\u00d6vers\u00e4ttare<\/p>\n<\/div><\/div>\n\n<div class=\"et_pb_text_13 et_pb_text et_pb_bg_layout_light et_pb_module et_block_module\"><div class=\"et_pb_text_inner\"><p>Jag har en magisterexamen i filosofi med \u00f6vers\u00e4ttning som huvud\u00e4mne. Jag \u00f6vers\u00e4tter b\u00e5de faktatexter och litteratur fr\u00e5n franska, engelska, svenska och norska till mitt m\u00e5lspr\u00e5k finska med gedigen professionalism. Jag korrekturl\u00e4ser ocks\u00e5 texter och erbjuder spr\u00e5ktj\u00e4nster p\u00e5 finska.<\/p>\n<\/div><\/div>\n<\/div>\n<\/div>\n\n<div class=\"et_pb_row_10 et_pb_row et_block_row\">\n<div class=\"et_pb_column_19 et_pb_column et_pb_column_1_3 et_block_column et_pb_css_mix_blend_mode_passthrough\">\n<div class=\"et_pb_image_4 et_pb_image et_pb_module et_block_module\"><span class=\"et_pb_image_wrap\"><img loading=\"lazy\" decoding=\"async\" src=\"https:\/\/kaksitranslations.fi\/wp-content\/uploads\/2025\/01\/Peter.jpg\" width=\"302\" height=\"302\" srcset=\"https:\/\/kaksitranslations.fi\/wp-content\/uploads\/2025\/01\/Peter.jpg 302w, https:\/\/kaksitranslations.fi\/wp-content\/uploads\/2025\/01\/Peter-300x300.jpg 300w, https:\/\/kaksitranslations.fi\/wp-content\/uploads\/2025\/01\/Peter-150x150.jpg 150w\" sizes=\"(max-width: 302px) 100vw, 302px\" class=\"wp-image-386\" title=\"Peter\" \/><\/span><\/div>\n<\/div>\n\n<div class=\"et_pb_column_20 et_pb_column et_pb_column_2_3 et-last-child et_block_column et_pb_css_mix_blend_mode_passthrough\">\n<div class=\"et_pb_text_14 et_pb_text et_pb_bg_layout_light et_pb_module et_block_module\"><div class=\"et_pb_text_inner\" data-et-mv-hidden-tablet=\"true\"><h3 style=\"text-align: left;\">Peter Seenan<\/h3>\n<\/div><\/div>\n\n<div class=\"et_pb_text_15 et_pb_text et_pb_bg_layout_light et_pb_module et_block_module\"><div class=\"et_pb_text_inner\" data-et-mv-hidden-tablet=\"true\"><p style=\"text-align: left;\">Spr\u00e5kexpert \/ journalist<\/p>\n<\/div><\/div>\n\n<div class=\"et_pb_text_16 et_pb_text et_pb_bg_layout_light et_pb_module et_block_module\"><div class=\"et_pb_text_inner\"><p>Peter Seenan \u00e4r journalist\/copy hemma fr\u00e5n Skottland. Peter har en magisterexamen i b\u00e5de journalistik och politisk vetenskap. Han har arbetat som spr\u00e5k- och kommunikationsspecialist i mer \u00e4n 15 \u00e5r. P\u00e5 v\u00e5r byr\u00e5 korrekturl\u00e4ser Peter engelska texter med gedigen erfarenhet.<\/p>\n<\/div><\/div>\n<\/div>\n<\/div>\n<\/div>","protected":false},"excerpt":{"rendered":"","protected":false},"author":1,"featured_media":0,"parent":0,"menu_order":0,"comment_status":"closed","ping_status":"closed","template":"","meta":{"footnotes":""},"class_list":["post-560","page","type-page","status-publish","hentry"],"yoast_head":"<!-- This site is optimized with the Yoast SEO plugin v26.9 - https:\/\/yoast.com\/product\/yoast-seo-wordpress\/ -->\n<title>Hem - K&auml;&auml;nn&ouml;stoimisto Kaksi<\/title>\n<meta name=\"description\" content=\"K\u00e4\u00e4nn\u00e4mme kaikki yleisimm\u00e4t tekstitiedostot sek\u00e4 excelit ja Power Pointit. Meilt\u00e4 onnistuu my\u00f6s pdf-tiedostojen ja vaikkapa taittoohjelmien tiedostojen k\u00e4\u00e4nn\u00f6kset.\" \/>\n<meta name=\"robots\" content=\"index, follow, max-snippet:-1, max-image-preview:large, max-video-preview:-1\" \/>\n<link rel=\"canonical\" href=\"https:\/\/kaksitranslations.fi\/sv\/\" \/>\n<meta property=\"og:locale\" content=\"sv_SE\" \/>\n<meta property=\"og:type\" content=\"article\" \/>\n<meta property=\"og:title\" content=\"Hem - K&auml;&auml;nn&ouml;stoimisto Kaksi\" \/>\n<meta property=\"og:description\" content=\"K\u00e4\u00e4nn\u00e4mme kaikki yleisimm\u00e4t tekstitiedostot sek\u00e4 excelit ja Power Pointit. Meilt\u00e4 onnistuu my\u00f6s pdf-tiedostojen ja vaikkapa taittoohjelmien tiedostojen k\u00e4\u00e4nn\u00f6kset.\" \/>\n<meta property=\"og:url\" content=\"https:\/\/kaksitranslations.fi\/sv\/\" \/>\n<meta property=\"og:site_name\" content=\"K&auml;&auml;nn&ouml;stoimisto Kaksi\" \/>\n<meta property=\"article:modified_time\" content=\"2026-02-13T16:29:55+00:00\" \/>\n<meta name=\"twitter:card\" content=\"summary_large_image\" \/>\n<script type=\"application\/ld+json\" class=\"yoast-schema-graph\">{\"@context\":\"https:\/\/schema.org\",\"@graph\":[{\"@type\":\"WebPage\",\"@id\":\"https:\/\/kaksitranslations.fi\/sv\/\",\"url\":\"https:\/\/kaksitranslations.fi\/sv\/\",\"name\":\"Hem - K&auml;&auml;nn&ouml;stoimisto Kaksi\",\"isPartOf\":{\"@id\":\"https:\/\/kaksitranslations.fi\/#website\"},\"datePublished\":\"2022-09-15T11:04:15+00:00\",\"dateModified\":\"2026-02-13T16:29:55+00:00\",\"description\":\"K\u00e4\u00e4nn\u00e4mme kaikki yleisimm\u00e4t tekstitiedostot sek\u00e4 excelit ja Power Pointit. Meilt\u00e4 onnistuu my\u00f6s pdf-tiedostojen ja vaikkapa taittoohjelmien tiedostojen k\u00e4\u00e4nn\u00f6kset.\",\"breadcrumb\":{\"@id\":\"https:\/\/kaksitranslations.fi\/sv\/#breadcrumb\"},\"inLanguage\":\"sv-SE\",\"potentialAction\":[{\"@type\":\"ReadAction\",\"target\":[\"https:\/\/kaksitranslations.fi\/sv\/\"]}]},{\"@type\":\"BreadcrumbList\",\"@id\":\"https:\/\/kaksitranslations.fi\/sv\/#breadcrumb\",\"itemListElement\":[{\"@type\":\"ListItem\",\"position\":1,\"name\":\"Etusivu\",\"item\":\"https:\/\/kaksitranslations.fi\/sv\/\"},{\"@type\":\"ListItem\",\"position\":2,\"name\":\"Hem\"}]},{\"@type\":\"WebSite\",\"@id\":\"https:\/\/kaksitranslations.fi\/#website\",\"url\":\"https:\/\/kaksitranslations.fi\/\",\"name\":\"K&auml;&auml;nn&ouml;stoimisto Kaksi\",\"description\":\"\",\"potentialAction\":[{\"@type\":\"SearchAction\",\"target\":{\"@type\":\"EntryPoint\",\"urlTemplate\":\"https:\/\/kaksitranslations.fi\/?s={search_term_string}\"},\"query-input\":{\"@type\":\"PropertyValueSpecification\",\"valueRequired\":true,\"valueName\":\"search_term_string\"}}],\"inLanguage\":\"sv-SE\"}]}<\/script>\n<!-- \/ Yoast SEO plugin. -->","yoast_head_json":{"title":"Hem - K&auml;&auml;nn&ouml;stoimisto Kaksi","description":"K\u00e4\u00e4nn\u00e4mme kaikki yleisimm\u00e4t tekstitiedostot sek\u00e4 excelit ja Power Pointit. Meilt\u00e4 onnistuu my\u00f6s pdf-tiedostojen ja vaikkapa taittoohjelmien tiedostojen k\u00e4\u00e4nn\u00f6kset.","robots":{"index":"index","follow":"follow","max-snippet":"max-snippet:-1","max-image-preview":"max-image-preview:large","max-video-preview":"max-video-preview:-1"},"canonical":"https:\/\/kaksitranslations.fi\/sv\/","og_locale":"sv_SE","og_type":"article","og_title":"Hem - K&auml;&auml;nn&ouml;stoimisto Kaksi","og_description":"K\u00e4\u00e4nn\u00e4mme kaikki yleisimm\u00e4t tekstitiedostot sek\u00e4 excelit ja Power Pointit. Meilt\u00e4 onnistuu my\u00f6s pdf-tiedostojen ja vaikkapa taittoohjelmien tiedostojen k\u00e4\u00e4nn\u00f6kset.","og_url":"https:\/\/kaksitranslations.fi\/sv\/","og_site_name":"K&auml;&auml;nn&ouml;stoimisto Kaksi","article_modified_time":"2026-02-13T16:29:55+00:00","twitter_card":"summary_large_image","schema":{"@context":"https:\/\/schema.org","@graph":[{"@type":"WebPage","@id":"https:\/\/kaksitranslations.fi\/sv\/","url":"https:\/\/kaksitranslations.fi\/sv\/","name":"Hem - K&auml;&auml;nn&ouml;stoimisto Kaksi","isPartOf":{"@id":"https:\/\/kaksitranslations.fi\/#website"},"datePublished":"2022-09-15T11:04:15+00:00","dateModified":"2026-02-13T16:29:55+00:00","description":"K\u00e4\u00e4nn\u00e4mme kaikki yleisimm\u00e4t tekstitiedostot sek\u00e4 excelit ja Power Pointit. Meilt\u00e4 onnistuu my\u00f6s pdf-tiedostojen ja vaikkapa taittoohjelmien tiedostojen k\u00e4\u00e4nn\u00f6kset.","breadcrumb":{"@id":"https:\/\/kaksitranslations.fi\/sv\/#breadcrumb"},"inLanguage":"sv-SE","potentialAction":[{"@type":"ReadAction","target":["https:\/\/kaksitranslations.fi\/sv\/"]}]},{"@type":"BreadcrumbList","@id":"https:\/\/kaksitranslations.fi\/sv\/#breadcrumb","itemListElement":[{"@type":"ListItem","position":1,"name":"Etusivu","item":"https:\/\/kaksitranslations.fi\/sv\/"},{"@type":"ListItem","position":2,"name":"Hem"}]},{"@type":"WebSite","@id":"https:\/\/kaksitranslations.fi\/#website","url":"https:\/\/kaksitranslations.fi\/","name":"K&auml;&auml;nn&ouml;stoimisto Kaksi","description":"","potentialAction":[{"@type":"SearchAction","target":{"@type":"EntryPoint","urlTemplate":"https:\/\/kaksitranslations.fi\/?s={search_term_string}"},"query-input":{"@type":"PropertyValueSpecification","valueRequired":true,"valueName":"search_term_string"}}],"inLanguage":"sv-SE"}]}},"_links":{"self":[{"href":"https:\/\/kaksitranslations.fi\/sv\/wp-json\/wp\/v2\/pages\/560","targetHints":{"allow":["GET"]}}],"collection":[{"href":"https:\/\/kaksitranslations.fi\/sv\/wp-json\/wp\/v2\/pages"}],"about":[{"href":"https:\/\/kaksitranslations.fi\/sv\/wp-json\/wp\/v2\/types\/page"}],"author":[{"embeddable":true,"href":"https:\/\/kaksitranslations.fi\/sv\/wp-json\/wp\/v2\/users\/1"}],"replies":[{"embeddable":true,"href":"https:\/\/kaksitranslations.fi\/sv\/wp-json\/wp\/v2\/comments?post=560"}],"version-history":[{"count":173,"href":"https:\/\/kaksitranslations.fi\/sv\/wp-json\/wp\/v2\/pages\/560\/revisions"}],"predecessor-version":[{"id":1223,"href":"https:\/\/kaksitranslations.fi\/sv\/wp-json\/wp\/v2\/pages\/560\/revisions\/1223"}],"wp:attachment":[{"href":"https:\/\/kaksitranslations.fi\/sv\/wp-json\/wp\/v2\/media?parent=560"}],"curies":[{"name":"wp","href":"https:\/\/api.w.org\/{rel}","templated":true}]}}