{"id":884,"date":"2025-02-08T09:02:07","date_gmt":"2025-02-08T09:02:07","guid":{"rendered":"https:\/\/kaksitranslations.fi\/raknare\/"},"modified":"2025-02-27T11:09:21","modified_gmt":"2025-02-27T11:09:21","slug":"raknare","status":"publish","type":"page","link":"https:\/\/kaksitranslations.fi\/sv\/raknare\/","title":{"rendered":"R\u00e4knare"},"content":{"rendered":"<div class=\"et_d4_element et_pb_section et_pb_section_0  et_pb_css_mix_blend_mode et_section_regular et_block_section\" >\n\t\t\t\t\n\t\t\t\t\n\t\t\t\t\n\t\t\t\t\n\t\t\t\t\n\t\t\t\t\n\t\t\t\t<div class=\"et_d4_element et_pb_row et_pb_row_0  et_pb_css_mix_blend_mode et_block_row\">\n\t\t\t\t<div class=\"et_d4_element et_pb_column_1_5 et_pb_column et_pb_column_0  et_pb_css_mix_blend_mode et_block_column et_pb_column_empty\">\n\t\t\t\t\n\t\t\t\t\n\t\t\t\t\n\t\t\t\t\n\t\t\t\t\n\t\t\t<\/div><div class=\"et_d4_element et_pb_column_3_5 et_pb_column et_pb_column_1  et_pb_css_mix_blend_mode et_block_column\">\n\t\t\t\t\n\t\t\t\t\n\t\t\t\t\n\t\t\t\t\n\t\t\t\t<div class=\"et_pb_module et_d4_element et_pb_text et_pb_text_0  et_pb_text_align_left et_pb_bg_layout_light\">\n\t\t\t\t\n\t\t\t\t\n\t\t\t\t\n\t\t\t\t\n\t\t\t\t<div class=\"et_pb_text_inner\"><h1 style=\"text-align: center;\"><strong>Prisber\u00e4knare f\u00f6r dina \u00f6vers\u00e4ttningar<\/strong><\/h1><\/div>\n\t\t\t<\/div><div class=\"et_pb_module et_d4_element et_pb_text et_pb_text_1  et_pb_text_align_left et_pb_bg_layout_light\">\n\t\t\t\t\n\t\t\t\t\n\t\t\t\t\n\t\t\t\t\n\t\t\t\t<div class=\"et_pb_text_inner\"><p>Hur mycket kostar en \u00f6vers\u00e4ttning? Anv\u00e4nd kalkylatorn nedan f\u00f6r att f\u00e5 en uppfattning om kostnaden f\u00f6r en \u00f6vers\u00e4ttning. Anv\u00e4nd kalkylatorn f\u00f6r att ber\u00e4kna kostnaden f\u00f6r en \u00f6vers\u00e4ttning p\u00e5 1000 ord. Om din text \u00e4r l\u00e4ngre, v\u00e4nligen relatera priset till det totala antalet ord i din text eller skicka din text till oss f\u00f6r en offert. V\u00e5rt grundpris f\u00f6r \u00f6vers\u00e4ttningar \u00e4r 0,11 euro per ord (0 % moms). F\u00f6r tekniska texter tillkommer en extra avgift p\u00e5 mellan 0,02 och 0,08 euro per ord, beroende p\u00e5 text. \u00d6vers\u00e4ttningar inkluderar spr\u00e5klig korrekturl\u00e4sning.      <\/p><\/div>\n\t\t\t<\/div>\n\t\t\t<\/div><div class=\"et_d4_element et_pb_column_1_5 et_pb_column et_pb_column_2  et_pb_css_mix_blend_mode et-last-child et_block_column et_pb_column_empty\">\n\t\t\t\t\n\t\t\t\t\n\t\t\t\t\n\t\t\t\t\n\t\t\t\t\n\t\t\t<\/div>\n\t\t\t\t\n\t\t\t\t\n\t\t\t\t\n\t\t\t\t\n\t\t\t<\/div><div class=\"et_d4_element et_pb_row et_pb_row_1  et_pb_css_mix_blend_mode et_block_row\">\n\t\t\t\t<div class=\"et_d4_element et_pb_column_1_5 et_pb_column et_pb_column_3  et_pb_css_mix_blend_mode et_block_column et_pb_column_empty\">\n\t\t\t\t\n\t\t\t\t\n\t\t\t\t\n\t\t\t\t\n\t\t\t\t\n\t\t\t<\/div><div class=\"et_d4_element et_pb_column_3_5 et_pb_column et_pb_column_4  et_pb_css_mix_blend_mode et_block_column\">\n\t\t\t\t\n\t\t\t\t\n\t\t\t\t\n\t\t\t\t\n\t\t\t\t<div class=\"et_pb_module et_d4_element et_pb_code et_pb_code_0\">\n\t\t\t\t\n\t\t\t\t\n\t\t\t\t\n\t\t\t\t\n\t\t\t\t<div class=\"et_pb_code_inner\">\n\n\n<title>Ber\u00e4kna priset p\u00e5 \u00f6vers\u00e4ttningen<\/title>\n<style>\nbody {\n  font-family: sans-serif;\n}\nlabel {\n  display: block;\n  margin-bottom: 5px;\n}\ntextarea {\n  width: 100%;\n  height: 150px;\n  padding: 10px;\n  margin-bottom: 10px;\n  box-sizing: border-box;\n  border: 1px solid #ccc;\n}\n#result {\n  margin-top: 10px;\n  font-weight: bold;\n}\n.error {\n  color: red;\n  margin-top: 5px;\n}\n<\/style>\n\n\n\n<h1>Ber\u00e4kna priset p\u00e5 \u00f6vers\u00e4ttningen<\/h1>\n\n<label for=\"text\">Kopiera och klistra in din text h\u00e4r (max 1000 ord):<\/label>\n<textarea id=\"text\" oninput=\"calculate()\"><\/textarea>\n<div class=\"error\" id=\"wordCountError\"><\/div><div id=\"result\">\n  Antal ord: <span id=\"wordCount\">0<\/span><br \/>\n Pris (0,11 \u20ac per ord): <span id=\"price\">0,00<\/span> \u20ac\n<\/div>\n\n<script>\nfunction calculate() {\n  const text = document.getElementById(\"text\").value;\n  const words = text.split(\/\\s+\/).filter(word => word.length > 0);\n  const wordCount = words.length;\n  const errorDiv = document.getElementById(\"wordCountError\");\n\n  if (wordCount > 1000) {\n    errorDiv.textContent = \"Maximum 1000 words allowed.\";\n    \/\/ Truncate the text to 1000 words and update the textarea:\n    document.getElementById(\"text\").value = words.slice(0, 1100).join(\" \");\n    calculate(); \/\/ Recalculate after truncation\n    return; \/\/ Stop further calculation\n  } else {\n    errorDiv.textContent = \"\"; \/\/ Clear any previous error message\n  }\n\n  const price = wordCount * 0.11;\n\n  document.getElementById(\"wordCount\").textContent = wordCount;\n  document.getElementById(\"price\").textContent = price.toFixed(2);\n}\n<\/script>\n\n\n<\/div>\n\t\t\t<\/div>\n\t\t\t<\/div><div class=\"et_d4_element et_pb_column_1_5 et_pb_column et_pb_column_5  et_pb_css_mix_blend_mode et-last-child et_block_column et_pb_column_empty\">\n\t\t\t\t\n\t\t\t\t\n\t\t\t\t\n\t\t\t\t\n\t\t\t\t\n\t\t\t<\/div>\n\t\t\t\t\n\t\t\t\t\n\t\t\t\t\n\t\t\t\t\n\t\t\t<\/div>\n\t\t\t\t\n\t\t\t\t\n\t\t\t<\/div>\n","protected":false},"excerpt":{"rendered":"","protected":false},"author":1,"featured_media":0,"parent":0,"menu_order":0,"comment_status":"closed","ping_status":"closed","template":"","meta":{"_et_pb_use_builder":"on","_et_pb_old_content":"","_et_gb_content_width":"","footnotes":""},"class_list":["post-884","page","type-page","status-publish","hentry"],"yoast_head":"<!-- This site is optimized with the Yoast SEO plugin v26.9 - https:\/\/yoast.com\/product\/yoast-seo-wordpress\/ -->\n<title>R\u00e4knare - K&auml;&auml;nn&ouml;stoimisto Kaksi<\/title>\n<meta name=\"description\" content=\"K\u00e4\u00e4nn\u00e4mme kaikki yleisimm\u00e4t tekstitiedostot sek\u00e4 excelit ja Power Pointit. Meilt\u00e4 onnistuu my\u00f6s pdf-tiedostojen ja vaikkapa taittoohjelmien tiedostojen k\u00e4\u00e4nn\u00f6kset.\" \/>\n<meta name=\"robots\" content=\"index, follow, max-snippet:-1, max-image-preview:large, max-video-preview:-1\" \/>\n<link rel=\"canonical\" href=\"https:\/\/kaksitranslations.fi\/laskuri\/\" \/>\n<meta property=\"og:locale\" content=\"sv_SE\" \/>\n<meta property=\"og:type\" content=\"article\" \/>\n<meta property=\"og:title\" content=\"R\u00e4knare - K&auml;&auml;nn&ouml;stoimisto Kaksi\" \/>\n<meta property=\"og:description\" content=\"K\u00e4\u00e4nn\u00e4mme kaikki yleisimm\u00e4t tekstitiedostot sek\u00e4 excelit ja Power Pointit. Meilt\u00e4 onnistuu my\u00f6s pdf-tiedostojen ja vaikkapa taittoohjelmien tiedostojen k\u00e4\u00e4nn\u00f6kset.\" \/>\n<meta property=\"og:url\" content=\"https:\/\/kaksitranslations.fi\/laskuri\/\" \/>\n<meta property=\"og:site_name\" content=\"K&auml;&auml;nn&ouml;stoimisto Kaksi\" \/>\n<meta property=\"article:modified_time\" content=\"2025-02-27T11:09:21+00:00\" \/>\n<meta name=\"twitter:card\" content=\"summary_large_image\" \/>\n<meta name=\"twitter:label1\" content=\"Ber\u00e4knad l\u00e4stid\" \/>\n\t<meta name=\"twitter:data1\" content=\"2 minuter\" \/>\n<script type=\"application\/ld+json\" class=\"yoast-schema-graph\">{\"@context\":\"https:\/\/schema.org\",\"@graph\":[{\"@type\":\"WebPage\",\"@id\":\"https:\/\/kaksitranslations.fi\/laskuri\/\",\"url\":\"https:\/\/kaksitranslations.fi\/laskuri\/\",\"name\":\"R\u00e4knare - K&auml;&auml;nn&ouml;stoimisto Kaksi\",\"isPartOf\":{\"@id\":\"https:\/\/kaksitranslations.fi\/#website\"},\"datePublished\":\"2025-02-08T09:02:07+00:00\",\"dateModified\":\"2025-02-27T11:09:21+00:00\",\"description\":\"K\u00e4\u00e4nn\u00e4mme kaikki yleisimm\u00e4t tekstitiedostot sek\u00e4 excelit ja Power Pointit. Meilt\u00e4 onnistuu my\u00f6s pdf-tiedostojen ja vaikkapa taittoohjelmien tiedostojen k\u00e4\u00e4nn\u00f6kset.\",\"breadcrumb\":{\"@id\":\"https:\/\/kaksitranslations.fi\/laskuri\/#breadcrumb\"},\"inLanguage\":\"sv-SE\",\"potentialAction\":[{\"@type\":\"ReadAction\",\"target\":[\"https:\/\/kaksitranslations.fi\/laskuri\/\"]}]},{\"@type\":\"BreadcrumbList\",\"@id\":\"https:\/\/kaksitranslations.fi\/laskuri\/#breadcrumb\",\"itemListElement\":[{\"@type\":\"ListItem\",\"position\":1,\"name\":\"Etusivu\",\"item\":\"https:\/\/kaksitranslations.fi\/sv\/\"},{\"@type\":\"ListItem\",\"position\":2,\"name\":\"R\u00e4knare\"}]},{\"@type\":\"WebSite\",\"@id\":\"https:\/\/kaksitranslations.fi\/#website\",\"url\":\"https:\/\/kaksitranslations.fi\/\",\"name\":\"K&auml;&auml;nn&ouml;stoimisto Kaksi\",\"description\":\"\",\"potentialAction\":[{\"@type\":\"SearchAction\",\"target\":{\"@type\":\"EntryPoint\",\"urlTemplate\":\"https:\/\/kaksitranslations.fi\/?s={search_term_string}\"},\"query-input\":{\"@type\":\"PropertyValueSpecification\",\"valueRequired\":true,\"valueName\":\"search_term_string\"}}],\"inLanguage\":\"sv-SE\"}]}<\/script>\n<!-- \/ Yoast SEO plugin. -->","yoast_head_json":{"title":"R\u00e4knare - K&auml;&auml;nn&ouml;stoimisto Kaksi","description":"K\u00e4\u00e4nn\u00e4mme kaikki yleisimm\u00e4t tekstitiedostot sek\u00e4 excelit ja Power Pointit. Meilt\u00e4 onnistuu my\u00f6s pdf-tiedostojen ja vaikkapa taittoohjelmien tiedostojen k\u00e4\u00e4nn\u00f6kset.","robots":{"index":"index","follow":"follow","max-snippet":"max-snippet:-1","max-image-preview":"max-image-preview:large","max-video-preview":"max-video-preview:-1"},"canonical":"https:\/\/kaksitranslations.fi\/laskuri\/","og_locale":"sv_SE","og_type":"article","og_title":"R\u00e4knare - K&auml;&auml;nn&ouml;stoimisto Kaksi","og_description":"K\u00e4\u00e4nn\u00e4mme kaikki yleisimm\u00e4t tekstitiedostot sek\u00e4 excelit ja Power Pointit. Meilt\u00e4 onnistuu my\u00f6s pdf-tiedostojen ja vaikkapa taittoohjelmien tiedostojen k\u00e4\u00e4nn\u00f6kset.","og_url":"https:\/\/kaksitranslations.fi\/laskuri\/","og_site_name":"K&auml;&auml;nn&ouml;stoimisto Kaksi","article_modified_time":"2025-02-27T11:09:21+00:00","twitter_card":"summary_large_image","twitter_misc":{"Ber\u00e4knad l\u00e4stid":"2 minuter"},"schema":{"@context":"https:\/\/schema.org","@graph":[{"@type":"WebPage","@id":"https:\/\/kaksitranslations.fi\/laskuri\/","url":"https:\/\/kaksitranslations.fi\/laskuri\/","name":"R\u00e4knare - K&auml;&auml;nn&ouml;stoimisto Kaksi","isPartOf":{"@id":"https:\/\/kaksitranslations.fi\/#website"},"datePublished":"2025-02-08T09:02:07+00:00","dateModified":"2025-02-27T11:09:21+00:00","description":"K\u00e4\u00e4nn\u00e4mme kaikki yleisimm\u00e4t tekstitiedostot sek\u00e4 excelit ja Power Pointit. Meilt\u00e4 onnistuu my\u00f6s pdf-tiedostojen ja vaikkapa taittoohjelmien tiedostojen k\u00e4\u00e4nn\u00f6kset.","breadcrumb":{"@id":"https:\/\/kaksitranslations.fi\/laskuri\/#breadcrumb"},"inLanguage":"sv-SE","potentialAction":[{"@type":"ReadAction","target":["https:\/\/kaksitranslations.fi\/laskuri\/"]}]},{"@type":"BreadcrumbList","@id":"https:\/\/kaksitranslations.fi\/laskuri\/#breadcrumb","itemListElement":[{"@type":"ListItem","position":1,"name":"Etusivu","item":"https:\/\/kaksitranslations.fi\/sv\/"},{"@type":"ListItem","position":2,"name":"R\u00e4knare"}]},{"@type":"WebSite","@id":"https:\/\/kaksitranslations.fi\/#website","url":"https:\/\/kaksitranslations.fi\/","name":"K&auml;&auml;nn&ouml;stoimisto Kaksi","description":"","potentialAction":[{"@type":"SearchAction","target":{"@type":"EntryPoint","urlTemplate":"https:\/\/kaksitranslations.fi\/?s={search_term_string}"},"query-input":{"@type":"PropertyValueSpecification","valueRequired":true,"valueName":"search_term_string"}}],"inLanguage":"sv-SE"}]}},"_links":{"self":[{"href":"https:\/\/kaksitranslations.fi\/sv\/wp-json\/wp\/v2\/pages\/884","targetHints":{"allow":["GET"]}}],"collection":[{"href":"https:\/\/kaksitranslations.fi\/sv\/wp-json\/wp\/v2\/pages"}],"about":[{"href":"https:\/\/kaksitranslations.fi\/sv\/wp-json\/wp\/v2\/types\/page"}],"author":[{"embeddable":true,"href":"https:\/\/kaksitranslations.fi\/sv\/wp-json\/wp\/v2\/users\/1"}],"replies":[{"embeddable":true,"href":"https:\/\/kaksitranslations.fi\/sv\/wp-json\/wp\/v2\/comments?post=884"}],"version-history":[{"count":21,"href":"https:\/\/kaksitranslations.fi\/sv\/wp-json\/wp\/v2\/pages\/884\/revisions"}],"predecessor-version":[{"id":1009,"href":"https:\/\/kaksitranslations.fi\/sv\/wp-json\/wp\/v2\/pages\/884\/revisions\/1009"}],"wp:attachment":[{"href":"https:\/\/kaksitranslations.fi\/sv\/wp-json\/wp\/v2\/media?parent=884"}],"curies":[{"name":"wp","href":"https:\/\/api.w.org\/{rel}","templated":true}]}}